{"id":16,"date":"2015-07-07T11:26:35","date_gmt":"2015-07-07T11:26:35","guid":{"rendered":"https:\/\/hn-isolering2025.185-210-177-47.mpf2.medieplanfyn.dk\/?page_id=16"},"modified":"2026-04-07T06:17:43","modified_gmt":"2026-04-07T06:17:43","slug":"vi-tilbyder","status":"publish","type":"page","link":"https:\/\/hn-isolering.dk\/?page_id=16","title":{"rendered":"Vi tilbyder"},"content":{"rendered":"<div  class='flex_column av-av_one_full-2a9015ff38129c418a3f2eafba3e9512 av_one_full  avia-builder-el-0  el_before_av_one_half  avia-builder-el-first  first flex_column_div  '     ><section  class='av_textblock_section av-av_textblock-0366cc7376be6c9e82a3e9cc8987b64f '   itemscope=\"itemscope\" itemtype=\"https:\/\/schema.org\/CreativeWork\" ><div class='avia_textblock'  itemprop=\"text\" ><h1 style=\"text-align: center;\">Vi tilbyder<\/h1>\n<\/div><\/section><br \/>\n<div  class='hr av-av_hr-dcd2069817a0e3d34ae04cad8f3443c7 hr-default  avia-builder-el-2  el_after_av_textblock  avia-builder-el-last '><span class='hr-inner '><span class=\"hr-inner-style\"><\/span><\/span><\/div><\/p><\/div>\n<div  class='flex_column av-av_one_half-2a9015ff38129c418a3f2eafba3e9512 av_one_half  avia-builder-el-3  el_after_av_one_full  el_before_av_one_half  first flex_column_div  column-top-margin'     ><section  class='av_textblock_section av-av_textblock-0366cc7376be6c9e82a3e9cc8987b64f '   itemscope=\"itemscope\" itemtype=\"https:\/\/schema.org\/CreativeWork\" ><div class='avia_textblock'  itemprop=\"text\" ><p>HN Isolering er specialister i fremtidssikrede l\u00f8sninger inden for isolering.\u00a0 Vi har stor ekspertise inden for alle former for isolering, hvor vi servicerer s\u00e5vel private som erhvervskunder.<\/p>\n<p>Et af vore specialer er teknisk isolering, hvor vi s\u00f8rger for, at du f\u00e5r den helt rigtige og intelligente isoleringsl\u00f8sning, hvad enten der er tale om r\u00f8r, kedler, tanke eller ventilationskanaler.<\/p>\n<p>HN Isolering har s\u00e5ledes masser af spidskompetencer. Vi kan tilbyde lydisolering af faldstammer i byggeri, ventilation og pumper. HN Isolering er ogs\u00e5 leveringsdygtige i isolering af s\u00e5vel varmeinstallationer, som ventilationskanaler. Det vil sige varmer\u00f8r, vandr\u00f8r, varmtvandsbeholdere og s\u00e5 videre.<\/p>\n<p>Vi tilbyder desuden brandisolering af ventilationskanaler, sprinklerr\u00f8r, r\u00f8gr\u00f8r og r\u00f8gkanaler. Et andet af vore specialer er k\u00f8leisolering. HN Isolering isolerer k\u00f8ler\u00f8r \u2013 kondensisolering. Og isolering af ventilationskanaler &#8211; koldtvandsr\u00f8r.<\/p>\n<p>Vi tilbyder ogs\u00e5 pladekappeisolering. Uanset om der er tale om komplicerede konstruktioner i industrien eller varmer\u00f8r hos privatkunder.<\/p>\n<p>Endelig kan HN Isolering tilbyde isolering af kanaler til Genvex anl\u00e6g p\u00e5 dit loft. P\u00e5 den m\u00e5de undg\u00e5r du varmetab og f\u00e5r en langt lavere varmeregning.<\/p>\n<p>Hos HN Isolering er du altid velkommen. Ogs\u00e5 selv om du kun har brug for r\u00e5d eller vejledning.<\/p>\n<\/div><\/section><\/div>\n<div  class='flex_column av-av_one_half-eb9537ee683f4a660cd6980e383a136f av_one_half  avia-builder-el-5  el_after_av_one_half  avia-builder-el-last  flex_column_div  column-top-margin'     ><p>\n<style type=\"text\/css\" data-created_by=\"avia_inline_auto\" id=\"style-css-av-av_iconlist-9deede9c03113110a472ac76091c24de\">\n#top .avia-icon-list-container.av-av_iconlist-9deede9c03113110a472ac76091c24de .iconlist_icon{\nbackground-color:#dd1b25;\n}\n<\/style>\n<div  class='avia-icon-list-container av-av_iconlist-9deede9c03113110a472ac76091c24de  avia-builder-el-6  el_before_av_image  avia-builder-el-first '><ul class='avia-icon-list avia_animate_when_almost_visible avia-icon-list-left av-iconlist-big av-av_iconlist-9deede9c03113110a472ac76091c24de avia-iconlist-animate'>\n<li><div class='iconlist_icon av-av_iconlist_item-ab5984627617082f6f097cbc8bb95c8d avia-font-entypo-fontello avia-iconfont avia-font-entypo-fontello'><span class='av-icon-char' data-av_icon='\ue881' data-av_iconfont='entypo-fontello' aria-hidden=\"true\"><\/span><\/div><article class=\"article-icon-entry av-iconlist-empty\"  itemscope=\"itemscope\" itemtype=\"https:\/\/schema.org\/CreativeWork\" ><div class=\"iconlist_content_wrap\"><header class=\"entry-content-header\" aria-label=\"Icon: Lydisolering\"><h4 class='av_iconlist_title iconlist_title  '  itemprop=\"headline\" >Lydisolering<\/h4><\/header><div class='iconlist_content '  itemprop=\"text\" ><\/div><\/div><footer class=\"entry-footer\"><\/footer><\/article><div class=\"iconlist-timeline\"><\/div><\/li>\n<li><div class='iconlist_icon av-av_iconlist_item-2402be66f29fe82e2f00fb9b2d2fa014 avia-font-entypo-fontello avia-iconfont avia-font-entypo-fontello'><span class='av-icon-char' data-av_icon='\ue881' data-av_iconfont='entypo-fontello' aria-hidden=\"true\"><\/span><\/div><article class=\"article-icon-entry av-iconlist-empty\"  itemscope=\"itemscope\" itemtype=\"https:\/\/schema.org\/CreativeWork\" ><div class=\"iconlist_content_wrap\"><header class=\"entry-content-header\" aria-label=\"Icon: Varmeisolering\"><h4 class='av_iconlist_title iconlist_title  '  itemprop=\"headline\" >Varmeisolering<\/h4><\/header><div class='iconlist_content '  itemprop=\"text\" ><\/div><\/div><footer class=\"entry-footer\"><\/footer><\/article><div class=\"iconlist-timeline\"><\/div><\/li>\n<li><div class='iconlist_icon av-av_iconlist_item-8312bfa8684f62d72f2e32f808142e07 avia-font-entypo-fontello avia-iconfont avia-font-entypo-fontello'><span class='av-icon-char' data-av_icon='\ue881' data-av_iconfont='entypo-fontello' aria-hidden=\"true\"><\/span><\/div><article class=\"article-icon-entry av-iconlist-empty\"  itemscope=\"itemscope\" itemtype=\"https:\/\/schema.org\/CreativeWork\" ><div class=\"iconlist_content_wrap\"><header class=\"entry-content-header\" aria-label=\"Icon: Brandisolering\"><h4 class='av_iconlist_title iconlist_title  '  itemprop=\"headline\" >Brandisolering<\/h4><\/header><div class='iconlist_content '  itemprop=\"text\" ><\/div><\/div><footer class=\"entry-footer\"><\/footer><\/article><div class=\"iconlist-timeline\"><\/div><\/li>\n<li><div class='iconlist_icon av-av_iconlist_item-41e9ab734510a6dc13b18b3c905373cd avia-font-entypo-fontello avia-iconfont avia-font-entypo-fontello'><span class='av-icon-char' data-av_icon='\ue881' data-av_iconfont='entypo-fontello' aria-hidden=\"true\"><\/span><\/div><article class=\"article-icon-entry av-iconlist-empty\"  itemscope=\"itemscope\" itemtype=\"https:\/\/schema.org\/CreativeWork\" ><div class=\"iconlist_content_wrap\"><header class=\"entry-content-header\" aria-label=\"Icon: K\u00f8leisolering\"><h4 class='av_iconlist_title iconlist_title  '  itemprop=\"headline\" >K\u00f8leisolering<\/h4><\/header><div class='iconlist_content '  itemprop=\"text\" ><\/div><\/div><footer class=\"entry-footer\"><\/footer><\/article><div class=\"iconlist-timeline\"><\/div><\/li>\n<li><div class='iconlist_icon av-av_iconlist_item-b70875562afc70e344ed1e5b193fa987 avia-font-entypo-fontello avia-iconfont avia-font-entypo-fontello'><span class='av-icon-char' data-av_icon='\ue881' data-av_iconfont='entypo-fontello' aria-hidden=\"true\"><\/span><\/div><article class=\"article-icon-entry av-iconlist-empty\"  itemscope=\"itemscope\" itemtype=\"https:\/\/schema.org\/CreativeWork\" ><div class=\"iconlist_content_wrap\"><header class=\"entry-content-header\" aria-label=\"Icon: Plade- og kappeisolering\"><h4 class='av_iconlist_title iconlist_title  '  itemprop=\"headline\" >Plade- og kappeisolering<\/h4><\/header><div class='iconlist_content '  itemprop=\"text\" ><\/div><\/div><footer class=\"entry-footer\"><\/footer><\/article><div class=\"iconlist-timeline\"><\/div><\/li>\n<\/ul><\/div><br \/>\n\n<style type=\"text\/css\" data-created_by=\"avia_inline_auto\" id=\"style-css-av-av_image-35658f983b6108f9d9610de67bb62a70\">\n.avia-image-container.av-av_image-35658f983b6108f9d9610de67bb62a70 img.avia_image{\nbox-shadow:none;\n}\n.avia-image-container.av-av_image-35658f983b6108f9d9610de67bb62a70 .av-image-caption-overlay-center{\ncolor:#ffffff;\n}\n<\/style>\n<div  class='avia-image-container av-av_image-35658f983b6108f9d9610de67bb62a70 av-styling- avia-align-center  avia-builder-el-7  el_after_av_iconlist  avia-builder-el-last '   itemprop=\"image\" itemscope=\"itemscope\" itemtype=\"https:\/\/schema.org\/ImageObject\" ><div class=\"avia-image-container-inner\"><div class=\"avia-image-overlay-wrap\"><img decoding=\"async\" fetchpriority=\"high\" class='wp-image-81 avia-img-lazy-loading-not-81 avia_image ' src=\"https:\/\/hn-isolering.dk\/wp-content\/uploads\/2015\/07\/HN-isolering-om-os.jpg\" alt='' title='HN isolering om os'  height=\"266\" width=\"501\"  itemprop=\"thumbnailUrl\" srcset=\"https:\/\/hn-isolering.dk\/wp-content\/uploads\/2015\/07\/HN-isolering-om-os.jpg 501w, https:\/\/hn-isolering.dk\/wp-content\/uploads\/2015\/07\/HN-isolering-om-os-300x159.jpg 300w, https:\/\/hn-isolering.dk\/wp-content\/uploads\/2015\/07\/HN-isolering-om-os-450x239.jpg 450w\" sizes=\"(max-width: 501px) 100vw, 501px\" \/><\/div><\/div><\/div><\/p><\/div>\n","protected":false},"excerpt":{"rendered":"","protected":false},"author":3,"featured_media":0,"parent":0,"menu_order":30,"comment_status":"closed","ping_status":"closed","template":"","meta":{"footnotes":""},"class_list":["post-16","page","type-page","status-publish","hentry"],"yoast_head":"<!-- This site is optimized with the Yoast SEO plugin v27.3 - https:\/\/yoast.com\/product\/yoast-seo-wordpress\/ -->\n<title>HN Isolering er specialister i fremtidssikrede l\u00f8sninger<\/title>\n<meta name=\"description\" content=\"HN Isolering har s\u00e5ledes masser af spidskompetencer. Vi kan tilbyde lydisolering af faldstammer i byggeri, ventilation og pumper.\" \/>\n<meta name=\"robots\" content=\"index, follow, max-snippet:-1, max-image-preview:large, max-video-preview:-1\" \/>\n<link rel=\"canonical\" href=\"https:\/\/hn-isolering.dk\/?page_id=16\" \/>\n<meta property=\"og:locale\" content=\"da_DK\" \/>\n<meta property=\"og:type\" content=\"article\" \/>\n<meta property=\"og:title\" content=\"HN Isolering er specialister i fremtidssikrede l\u00f8sninger\" \/>\n<meta property=\"og:description\" content=\"HN Isolering har s\u00e5ledes masser af spidskompetencer. Vi kan tilbyde lydisolering af faldstammer i byggeri, ventilation og pumper.\" \/>\n<meta property=\"og:url\" content=\"https:\/\/hn-isolering.dk\/?page_id=16\" \/>\n<meta property=\"og:site_name\" content=\"HN Isolering\" \/>\n<meta property=\"article:modified_time\" content=\"2026-04-07T06:17:43+00:00\" \/>\n<meta name=\"twitter:card\" content=\"summary_large_image\" \/>\n<meta name=\"twitter:label1\" content=\"Estimeret l\u00e6setid\" \/>\n\t<meta name=\"twitter:data1\" content=\"2 minutter\" \/>\n<script type=\"application\/ld+json\" class=\"yoast-schema-graph\">{\"@context\":\"https:\\\/\\\/schema.org\",\"@graph\":[{\"@type\":\"WebPage\",\"@id\":\"https:\\\/\\\/hn-isolering.dk\\\/?page_id=16\",\"url\":\"https:\\\/\\\/hn-isolering.dk\\\/?page_id=16\",\"name\":\"HN Isolering er specialister i fremtidssikrede l\u00f8sninger\",\"isPartOf\":{\"@id\":\"https:\\\/\\\/hn-isolering.dk\\\/#website\"},\"datePublished\":\"2015-07-07T11:26:35+00:00\",\"dateModified\":\"2026-04-07T06:17:43+00:00\",\"description\":\"HN Isolering har s\u00e5ledes masser af spidskompetencer. Vi kan tilbyde lydisolering af faldstammer i byggeri, ventilation og pumper.\",\"breadcrumb\":{\"@id\":\"https:\\\/\\\/hn-isolering.dk\\\/?page_id=16#breadcrumb\"},\"inLanguage\":\"da-DK\",\"potentialAction\":[{\"@type\":\"ReadAction\",\"target\":[\"https:\\\/\\\/hn-isolering.dk\\\/?page_id=16\"]}]},{\"@type\":\"BreadcrumbList\",\"@id\":\"https:\\\/\\\/hn-isolering.dk\\\/?page_id=16#breadcrumb\",\"itemListElement\":[{\"@type\":\"ListItem\",\"position\":1,\"name\":\"Hjem\",\"item\":\"https:\\\/\\\/hn-isolering.dk\\\/?page_id=11\"},{\"@type\":\"ListItem\",\"position\":2,\"name\":\"Vi tilbyder\"}]},{\"@type\":\"WebSite\",\"@id\":\"https:\\\/\\\/hn-isolering.dk\\\/#website\",\"url\":\"https:\\\/\\\/hn-isolering.dk\\\/\",\"name\":\"HN Isolering\",\"description\":\"Plade- og kappeisolering, Varmeisolering og Brandisolering i Vejle\",\"potentialAction\":[{\"@type\":\"SearchAction\",\"target\":{\"@type\":\"EntryPoint\",\"urlTemplate\":\"https:\\\/\\\/hn-isolering.dk\\\/?s={search_term_string}\"},\"query-input\":{\"@type\":\"PropertyValueSpecification\",\"valueRequired\":true,\"valueName\":\"search_term_string\"}}],\"inLanguage\":\"da-DK\"}]}<\/script>\n<!-- \/ Yoast SEO plugin. -->","yoast_head_json":{"title":"HN Isolering er specialister i fremtidssikrede l\u00f8sninger","description":"HN Isolering har s\u00e5ledes masser af spidskompetencer. Vi kan tilbyde lydisolering af faldstammer i byggeri, ventilation og pumper.","robots":{"index":"index","follow":"follow","max-snippet":"max-snippet:-1","max-image-preview":"max-image-preview:large","max-video-preview":"max-video-preview:-1"},"canonical":"https:\/\/hn-isolering.dk\/?page_id=16","og_locale":"da_DK","og_type":"article","og_title":"HN Isolering er specialister i fremtidssikrede l\u00f8sninger","og_description":"HN Isolering har s\u00e5ledes masser af spidskompetencer. Vi kan tilbyde lydisolering af faldstammer i byggeri, ventilation og pumper.","og_url":"https:\/\/hn-isolering.dk\/?page_id=16","og_site_name":"HN Isolering","article_modified_time":"2026-04-07T06:17:43+00:00","twitter_card":"summary_large_image","twitter_misc":{"Estimeret l\u00e6setid":"2 minutter"},"schema":{"@context":"https:\/\/schema.org","@graph":[{"@type":"WebPage","@id":"https:\/\/hn-isolering.dk\/?page_id=16","url":"https:\/\/hn-isolering.dk\/?page_id=16","name":"HN Isolering er specialister i fremtidssikrede l\u00f8sninger","isPartOf":{"@id":"https:\/\/hn-isolering.dk\/#website"},"datePublished":"2015-07-07T11:26:35+00:00","dateModified":"2026-04-07T06:17:43+00:00","description":"HN Isolering har s\u00e5ledes masser af spidskompetencer. Vi kan tilbyde lydisolering af faldstammer i byggeri, ventilation og pumper.","breadcrumb":{"@id":"https:\/\/hn-isolering.dk\/?page_id=16#breadcrumb"},"inLanguage":"da-DK","potentialAction":[{"@type":"ReadAction","target":["https:\/\/hn-isolering.dk\/?page_id=16"]}]},{"@type":"BreadcrumbList","@id":"https:\/\/hn-isolering.dk\/?page_id=16#breadcrumb","itemListElement":[{"@type":"ListItem","position":1,"name":"Hjem","item":"https:\/\/hn-isolering.dk\/?page_id=11"},{"@type":"ListItem","position":2,"name":"Vi tilbyder"}]},{"@type":"WebSite","@id":"https:\/\/hn-isolering.dk\/#website","url":"https:\/\/hn-isolering.dk\/","name":"HN Isolering","description":"Plade- og kappeisolering, Varmeisolering og Brandisolering i Vejle","potentialAction":[{"@type":"SearchAction","target":{"@type":"EntryPoint","urlTemplate":"https:\/\/hn-isolering.dk\/?s={search_term_string}"},"query-input":{"@type":"PropertyValueSpecification","valueRequired":true,"valueName":"search_term_string"}}],"inLanguage":"da-DK"}]}},"_links":{"self":[{"href":"https:\/\/hn-isolering.dk\/index.php?rest_route=\/wp\/v2\/pages\/16","targetHints":{"allow":["GET"]}}],"collection":[{"href":"https:\/\/hn-isolering.dk\/index.php?rest_route=\/wp\/v2\/pages"}],"about":[{"href":"https:\/\/hn-isolering.dk\/index.php?rest_route=\/wp\/v2\/types\/page"}],"author":[{"embeddable":true,"href":"https:\/\/hn-isolering.dk\/index.php?rest_route=\/wp\/v2\/users\/3"}],"replies":[{"embeddable":true,"href":"https:\/\/hn-isolering.dk\/index.php?rest_route=%2Fwp%2Fv2%2Fcomments&post=16"}],"version-history":[{"count":5,"href":"https:\/\/hn-isolering.dk\/index.php?rest_route=\/wp\/v2\/pages\/16\/revisions"}],"predecessor-version":[{"id":114,"href":"https:\/\/hn-isolering.dk\/index.php?rest_route=\/wp\/v2\/pages\/16\/revisions\/114"}],"wp:attachment":[{"href":"https:\/\/hn-isolering.dk\/index.php?rest_route=%2Fwp%2Fv2%2Fmedia&parent=16"}],"curies":[{"name":"wp","href":"https:\/\/api.w.org\/{rel}","templated":true}]}}